{"id":5380,"date":"2025-12-22T17:02:32","date_gmt":"2025-12-22T17:02:32","guid":{"rendered":"https:\/\/www.rpsrealsolutions.com\/mentions-legales-2\/"},"modified":"2026-02-09T19:14:45","modified_gmt":"2026-02-09T19:14:45","slug":"conditions-d-utilisation","status":"publish","type":"page","link":"https:\/\/rpswebsite.azurewebsites.net\/fr\/conditions-d-utilisation\/","title":{"rendered":"Juridique"},"content":{"rendered":"\t\t<div data-elementor-type=\"wp-page\" data-elementor-id=\"5380\" class=\"elementor elementor-5380 elementor-4960\" data-elementor-post-type=\"page\">\n\t\t\t\t\t\t<section class=\"elementor-section elementor-top-section elementor-element elementor-element-a640a19 elementor-section-height-min-height elementor-section-stretched elementor-section-boxed elementor-section-height-default elementor-section-items-middle\" data-id=\"a640a19\" data-element_type=\"section\" id=\"spotlight\" data-settings=\"{&quot;background_background&quot;:&quot;gradient&quot;,&quot;stretch_section&quot;:&quot;section-stretched&quot;}\">\n\t\t\t\t\t\t\t<div class=\"elementor-background-overlay\"><\/div>\n\t\t\t\t\t\t\t<div class=\"elementor-container elementor-column-gap-wider\">\n\t\t\t\t\t<div class=\"elementor-column elementor-col-100 elementor-top-column elementor-element elementor-element-1757973\" data-id=\"1757973\" data-element_type=\"column\" data-settings=\"{&quot;background_background&quot;:&quot;classic&quot;}\">\n\t\t\t<div class=\"elementor-widget-wrap elementor-element-populated\">\n\t\t\t\t\t\t<div class=\"elementor-element elementor-element-a8b5169 elementor-widget elementor-widget-heading\" data-id=\"a8b5169\" data-element_type=\"widget\" data-widget_type=\"heading.default\">\n\t\t\t\t\t<h1 class=\"elementor-heading-title elementor-size-default\">Conditions d\u2019utilisation<\/h1>\t\t\t\t<\/div>\n\t\t\t\t\t<\/div>\n\t\t<\/div>\n\t\t\t\t\t<\/div>\n\t\t<\/section>\n\t\t\t\t<section class=\"elementor-section elementor-top-section elementor-element elementor-element-623745f elementor-section-boxed elementor-section-height-default elementor-section-height-default\" data-id=\"623745f\" data-element_type=\"section\">\n\t\t\t\t\t\t<div class=\"elementor-container elementor-column-gap-default\">\n\t\t\t\t\t<div class=\"elementor-column elementor-col-100 elementor-top-column elementor-element elementor-element-3edc380\" data-id=\"3edc380\" data-element_type=\"column\">\n\t\t\t<div class=\"elementor-widget-wrap elementor-element-populated\">\n\t\t\t\t\t\t<div class=\"elementor-element elementor-element-20d481f elementor-widget elementor-widget-heading\" data-id=\"20d481f\" data-element_type=\"widget\" data-widget_type=\"heading.default\">\n\t\t\t\t\t<h2 class=\"elementor-heading-title elementor-size-default\">Conditions d\u2019utilisation<\/h2>\t\t\t\t<\/div>\n\t\t\t\t<div class=\"elementor-element elementor-element-10f35bc elementor-widget elementor-widget-text-editor\" data-id=\"10f35bc\" data-element_type=\"widget\" data-widget_type=\"text-editor.default\">\n\t\t\t\t\t\t\t\t\t<p>Si vous acc\u00e9dez \u00e0 ce site Web et l\u2019utilisez, vous acceptez d\u2019\u00eatre li\u00e9 par les modalit\u00e9s et conditions ci-dessous et de vous y conformer (les \u00ab Conditions \u00bb). Si vous n\u2019acceptez pas ces Conditions, veuillez ne pas utiliser ce site.<\/p>\t\t\t\t\t\t\t\t<\/div>\n\t\t\t\t<div class=\"elementor-element elementor-element-1951501 elementor-widget elementor-widget-heading\" data-id=\"1951501\" data-element_type=\"widget\" data-widget_type=\"heading.default\">\n\t\t\t\t\t<h2 class=\"elementor-heading-title elementor-size-default\">G\u00e9n\u00e9ral<\/h2>\t\t\t\t<\/div>\n\t\t\t\t<div class=\"elementor-element elementor-element-cbea773 elementor-widget elementor-widget-text-editor\" data-id=\"cbea773\" data-element_type=\"widget\" data-widget_type=\"text-editor.default\">\n\t\t\t\t\t\t\t\t\t<p>Les pr\u00e9sentes Conditions s\u2019appliquent \u00e0 l\u2019ensemble des produits et services de RPS Real Property Solutions Inc., ainsi qu\u2019\u00e0 ses soci\u00e9t\u00e9s affili\u00e9es et filiales (collectivement, \u00ab RPS \u00bb).<\/p><p>Les pr\u00e9sentes Conditions doivent \u00eatre lues conjointement avec tout autre terme, condition ou avis de non-responsabilit\u00e9 figurant sur les pages du site. Vous \u00eates r\u00e9put\u00e9 en avoir pris connaissance, m\u00eame si vous n\u2019utilisez ou ne t\u00e9l\u00e9chargez qu\u2019une partie du site. Le contenu, l\u2019information ou tout autre \u00e9l\u00e9ment disponible sur les pages du site (les \u00ab Informations \u00bb) peut \u00eatre modifi\u00e9 en tout temps, sans pr\u00e9avis. Ces changements peuvent \u00eatre effectu\u00e9s par la mise \u00e0 jour du pr\u00e9sent affichage. Le fait de continuer \u00e0 acc\u00e9der au site ou \u00e0 l\u2019utiliser signifie que vous acceptez ces modifications.<\/p><p>La conception du site Web, les textes, graphiques, ainsi que leur s\u00e9lection et leur pr\u00e9sentation sur le site sont prot\u00e9g\u00e9s par le droit d\u2019auteur \u00a9 2013 RPS Real Property Solutions Inc. <br> Tous droits r\u00e9serv\u00e9s.<\/p><p>Toute utilisation du contenu de ce site Web sans l\u2019autorisation \u00e9crite pr\u00e9alable de RPS est strictement interdite.<\/p>\t\t\t\t\t\t\t\t<\/div>\n\t\t\t\t<div class=\"elementor-element elementor-element-5792fd1 elementor-widget elementor-widget-heading\" data-id=\"5792fd1\" data-element_type=\"widget\" data-widget_type=\"heading.default\">\n\t\t\t\t\t<h2 class=\"elementor-heading-title elementor-size-default\">Avis de non-responsabilit\u00e9<\/h2>\t\t\t\t<\/div>\n\t\t\t\t<div class=\"elementor-element elementor-element-6f0eda1 elementor-widget elementor-widget-text-editor\" data-id=\"6f0eda1\" data-element_type=\"widget\" data-widget_type=\"text-editor.default\">\n\t\t\t\t\t\t\t\t\t<p>Toutes les informations sont consid\u00e9r\u00e9es comme exactes, mais ne peuvent \u00eatre garanties.<\/p><p>Liens vers des sites tiers<br>Le site contient des hyperliens vers des sites Web exploit\u00e9s par des parties autres que RPS (parfois appel\u00e9s \u00ab sites tiers \u00bb). Ces hyperliens, qu\u2019ils pointent vers l\u2019ext\u00e9rieur du site ou proviennent de l\u2019ext\u00e9rieur, sont fournis uniquement \u00e0 titre de commodit\u00e9. RPS ne contr\u00f4le pas ces sites et n\u2019est pas responsable de leur contenu. L\u2019inclusion de liens vers des sites tiers ne signifie pas que RPS approuve, endosse ou contr\u00f4le le contenu de ces sites, ni qu\u2019elle est associ\u00e9e \u00e0 leurs exploitants. L\u2019acc\u00e8s \u00e0 ces sites se fait \u00e0 vos propres risques et RPS ne pourra \u00eatre tenue responsable de tout dommage li\u00e9 \u00e0 l\u2019utilisation de ces liens. La politique de confidentialit\u00e9 de RPS ne s\u2019applique pas aux sites tiers.<\/p>\t\t\t\t\t\t\t\t<\/div>\n\t\t\t\t<div class=\"elementor-element elementor-element-d4c5808 elementor-widget elementor-widget-heading\" data-id=\"d4c5808\" data-element_type=\"widget\" data-widget_type=\"heading.default\">\n\t\t\t\t\t<h2 class=\"elementor-heading-title elementor-size-default\">Absence d\u2019endossement<\/h2>\t\t\t\t<\/div>\n\t\t\t\t<div class=\"elementor-element elementor-element-596046f elementor-widget elementor-widget-text-editor\" data-id=\"596046f\" data-element_type=\"widget\" data-widget_type=\"text-editor.default\">\n\t\t\t\t\t\t\t\t\t<p>Aucun endossement ni aucune approbation de tiers \u2014 ni de leurs conseils, opinions, informations, produits ou services \u2014 n\u2019est exprim\u00e9 ou implicite de la part de RPS.<\/p>\t\t\t\t\t\t\t\t<\/div>\n\t\t\t\t<div class=\"elementor-element elementor-element-17cd15d elementor-widget elementor-widget-heading\" data-id=\"17cd15d\" data-element_type=\"widget\" data-widget_type=\"heading.default\">\n\t\t\t\t\t<h2 class=\"elementor-heading-title elementor-size-default\">S\u00e9curit\u00e9<\/h2>\t\t\t\t<\/div>\n\t\t\t\t<div class=\"elementor-element elementor-element-db202b0 elementor-widget elementor-widget-text-editor\" data-id=\"db202b0\" data-element_type=\"widget\" data-widget_type=\"text-editor.default\">\n\t\t\t\t\t\t\t\t\t<p>Le pr\u00e9sent site n\u2019est pas un moyen de communication s\u00e9curis\u00e9, sauf indication contraire. Tout renseignement confidentiel, exclusif ou sensible transmis par un utilisateur au moyen de ce site pourrait \u00eatre lu ou copi\u00e9 par des personnes non autoris\u00e9es.<\/p>\t\t\t\t\t\t\t\t<\/div>\n\t\t\t\t<div class=\"elementor-element elementor-element-70d8ca3 elementor-widget elementor-widget-heading\" data-id=\"70d8ca3\" data-element_type=\"widget\" data-widget_type=\"heading.default\">\n\t\t\t\t\t<h2 class=\"elementor-heading-title elementor-size-default\">Courriel Internet<br><\/h2>\t\t\t\t<\/div>\n\t\t\t\t<div class=\"elementor-element elementor-element-cb96e4f elementor-widget elementor-widget-text-editor\" data-id=\"cb96e4f\" data-element_type=\"widget\" data-widget_type=\"text-editor.default\">\n\t\t\t\t\t\t\t\t\t<p>Toute communication par courriel non prot\u00e9g\u00e9e sur Internet n\u2019est pas confidentielle et peut \u00eatre intercept\u00e9e, perdue ou modifi\u00e9e. RPS n\u2019est pas responsable et ne pourra \u00eatre tenue responsable envers vous de tout dommage li\u00e9 \u00e0 un courriel que vous envoyez \u00e0 RPS ou qu\u2019elle vous envoie.<\/p>\t\t\t\t\t\t\t\t<\/div>\n\t\t\t\t<div class=\"elementor-element elementor-element-fe739d2 elementor-widget elementor-widget-heading\" data-id=\"fe739d2\" data-element_type=\"widget\" data-widget_type=\"heading.default\">\n\t\t\t\t\t<h2 class=\"elementor-heading-title elementor-size-default\">Limitation de responsabilit\u00e9<\/h2>\t\t\t\t<\/div>\n\t\t\t\t<div class=\"elementor-element elementor-element-2e68e26 elementor-widget elementor-widget-text-editor\" data-id=\"2e68e26\" data-element_type=\"widget\" data-widget_type=\"text-editor.default\">\n\t\t\t\t\t\t\t\t\t<p>Ni RPS, ni ses administrateurs, dirigeants, employ\u00e9s ou autres repr\u00e9sentants ne pourront \u00eatre tenus responsables de dommages d\u00e9coulant de l\u2019utilisation du site ou li\u00e9s \u00e0 celle-ci. Cette limitation de responsabilit\u00e9 s\u2019applique \u00e0 tous les types de dommages, y compris (sans s\u2019y limiter) les dommages compensatoires, directs, indirects ou cons\u00e9cutifs, la perte de donn\u00e9es, de revenus ou de profits, la perte ou les dommages mat\u00e9riels, ainsi que les r\u00e9clamations de tiers.<\/p>\t\t\t\t\t\t\t\t<\/div>\n\t\t\t\t<div class=\"elementor-element elementor-element-076fe26 elementor-widget elementor-widget-heading\" data-id=\"076fe26\" data-element_type=\"widget\" data-widget_type=\"heading.default\">\n\t\t\t\t\t<h2 class=\"elementor-heading-title elementor-size-default\">Comp\u00e9tence<\/h2>\t\t\t\t<\/div>\n\t\t\t\t<div class=\"elementor-element elementor-element-391e4a3 elementor-widget elementor-widget-text-editor\" data-id=\"391e4a3\" data-element_type=\"widget\" data-widget_type=\"text-editor.default\">\n\t\t\t\t\t\t\t\t\t<p><br>Le site est administr\u00e9 par RPS \u00e0 partir de ses bureaux en Ontario. Le site est r\u00e9gi par les lois de la province de l\u2019Ontario et les lois du Canada qui s\u2019y appliquent. En acc\u00e9dant \u00e0 ce site, vous acceptez de vous soumettre \u00e0 la comp\u00e9tence exclusive des tribunaux de la province de l\u2019Ontario.<\/p>\t\t\t\t\t\t\t\t<\/div>\n\t\t\t\t<div class=\"elementor-element elementor-element-234a636 elementor-widget elementor-widget-heading\" data-id=\"234a636\" data-element_type=\"widget\" data-widget_type=\"heading.default\">\n\t\t\t\t\t<h2 class=\"elementor-heading-title elementor-size-default\">Confidentialit\u00e9<\/h2>\t\t\t\t<\/div>\n\t\t\t\t<div class=\"elementor-element elementor-element-21419f8 elementor-widget elementor-widget-text-editor\" data-id=\"21419f8\" data-element_type=\"widget\" data-widget_type=\"text-editor.default\">\n\t\t\t\t\t\t\t\t\t<p><br>Pour consulter la politique de confidentialit\u00e9 de RPS, veuillez consulter le <a href=\"https:\/\/www.rpsrealsolutions.com\/fr\/politique-de-confidentialite\/\" target=\"_blank\" rel=\"noopener\">lien<\/a> intitul\u00e9 Politique de confidentialit\u00e9.<\/p>\t\t\t\t\t\t\t\t<\/div>\n\t\t\t\t<div class=\"elementor-element elementor-element-1fbf3f8 elementor-widget elementor-widget-heading\" data-id=\"1fbf3f8\" data-element_type=\"widget\" data-widget_type=\"heading.default\">\n\t\t\t\t\t<h2 class=\"elementor-heading-title elementor-size-default\">Avis de droit d\u2019auteur et de marques de commerce<\/h2>\t\t\t\t<\/div>\n\t\t\t\t<div class=\"elementor-element elementor-element-f18afa2 elementor-widget elementor-widget-text-editor\" data-id=\"f18afa2\" data-element_type=\"widget\" data-widget_type=\"text-editor.default\">\n\t\t\t\t\t\t\t\t\t<p>Certains noms, mots, titres, expressions, logos, ic\u00f4nes, graphiques, designs ou autres contenus figurant sur les pages du site constituent des noms commerciaux ou des marques de commerce appartenant \u00e0 RPS, ou des noms commerciaux ou marques de commerce utilis\u00e9s sous licence. Certaines marques sont distingu\u00e9es et accompagn\u00e9es, lors de leur premi\u00e8re utilisation, du symbole de marque appropri\u00e9 : \u00ae \/ \u2122 \/ *. Ces symboles renvoient \u00e0 une l\u00e9gende d\u00e9crivant le propri\u00e9taire ou le titulaire de licence de la marque : marque d\u00e9pos\u00e9e de RPS Real Property Solutions; marque de commerce de RPS Real Property Solutions; ou *utilis\u00e9e sous licence par RPS Real Property Solutions.<\/p>\n<p>L\u2019affichage des marques de commerce et noms commerciaux sur les pages du site ne signifie pas qu\u2019une licence, de quelque nature que ce soit, a \u00e9t\u00e9 accord\u00e9e \u00e0 un tiers. Les Informations du site sont destin\u00e9es \u00e0 votre usage personnel uniquement. Tout t\u00e9l\u00e9chargement non autoris\u00e9, retransmission, copie, modification ou autre utilisation des marques de commerce et\/ou du contenu du site peut contrevenir \u00e0 des lois f\u00e9d\u00e9rales ou autres applicables aux marques de commerce et\/ou aux droits d\u2019auteur, et peut exposer la personne fautive \u00e0 des recours judiciaires.<\/p>\n<p>RPS Real Property Solutions, ses soci\u00e9t\u00e9s affili\u00e9es et\/ou ses filiales d\u00e9tiennent les droits d\u2019auteur sur le code HTML sous-jacent, les textes, graphiques, extraits audio, extraits vid\u00e9o, la s\u00e9lection et l\u2019organisation, ainsi que tout autre contenu mis \u00e0 votre disposition sur ce site. Les Informations sont prot\u00e9g\u00e9es par les lois sur le droit d\u2019auteur du Canada et d\u2019autres pays.<br>Sauf indication contraire, nul n\u2019est autoris\u00e9 \u00e0 copier, redistribuer, reproduire, republier, stocker sur quelque support que ce soit, retransmettre, modifier ou rendre public ou commercialiser, sous quelque forme que ce soit, les Informations.<br><\/p>\t\t\t\t\t\t\t\t<\/div>\n\t\t\t\t\t<\/div>\n\t\t<\/div>\n\t\t\t\t\t<\/div>\n\t\t<\/section>\n\t\t\t\t<\/div>\n\t\t","protected":false},"excerpt":{"rendered":"<p>Conditions d\u2019utilisation Conditions d\u2019utilisation Si vous acc\u00e9dez \u00e0 ce site Web et l\u2019utilisez, vous acceptez d\u2019\u00eatre li\u00e9 par les modalit\u00e9s et conditions [&hellip;]<\/p>\n","protected":false},"author":4,"featured_media":0,"parent":0,"menu_order":0,"comment_status":"closed","ping_status":"closed","template":"","meta":{"content-type":"","footnotes":""},"class_list":["post-5380","page","type-page","status-publish","hentry"],"_links":{"self":[{"href":"https:\/\/rpswebsite.azurewebsites.net\/fr\/wp-json\/wp\/v2\/pages\/5380","targetHints":{"allow":["GET"]}}],"collection":[{"href":"https:\/\/rpswebsite.azurewebsites.net\/fr\/wp-json\/wp\/v2\/pages"}],"about":[{"href":"https:\/\/rpswebsite.azurewebsites.net\/fr\/wp-json\/wp\/v2\/types\/page"}],"author":[{"embeddable":true,"href":"https:\/\/rpswebsite.azurewebsites.net\/fr\/wp-json\/wp\/v2\/users\/4"}],"replies":[{"embeddable":true,"href":"https:\/\/rpswebsite.azurewebsites.net\/fr\/wp-json\/wp\/v2\/comments?post=5380"}],"version-history":[{"count":12,"href":"https:\/\/rpswebsite.azurewebsites.net\/fr\/wp-json\/wp\/v2\/pages\/5380\/revisions"}],"predecessor-version":[{"id":6212,"href":"https:\/\/rpswebsite.azurewebsites.net\/fr\/wp-json\/wp\/v2\/pages\/5380\/revisions\/6212"}],"wp:attachment":[{"href":"https:\/\/rpswebsite.azurewebsites.net\/fr\/wp-json\/wp\/v2\/media?parent=5380"}],"curies":[{"name":"wp","href":"https:\/\/api.w.org\/{rel}","templated":true}]}}