{"id":5349,"date":"2025-12-22T16:54:27","date_gmt":"2025-12-22T16:54:27","guid":{"rendered":"https:\/\/rpsrealsolutions.com\/conformite-a-la-lapho-2\/"},"modified":"2026-02-06T05:04:05","modified_gmt":"2026-02-06T05:04:05","slug":"accessibilite-aoda","status":"publish","type":"page","link":"https:\/\/rpswebsite.azurewebsites.net\/fr\/accessibilite-aoda\/","title":{"rendered":"Conformit\u00e9 \u00e0 la LAPHO (AODA)"},"content":{"rendered":"\t\t<div data-elementor-type=\"wp-page\" data-elementor-id=\"5349\" class=\"elementor elementor-5349 elementor-4955\" data-elementor-post-type=\"page\">\n\t\t\t\t\t\t<section class=\"elementor-section elementor-top-section elementor-element elementor-element-a640a19 elementor-section-height-min-height elementor-section-stretched elementor-section-boxed elementor-section-height-default elementor-section-items-middle\" data-id=\"a640a19\" data-element_type=\"section\" id=\"spotlight\" data-settings=\"{&quot;background_background&quot;:&quot;gradient&quot;,&quot;stretch_section&quot;:&quot;section-stretched&quot;}\">\n\t\t\t\t\t\t\t<div class=\"elementor-background-overlay\"><\/div>\n\t\t\t\t\t\t\t<div class=\"elementor-container elementor-column-gap-wider\">\n\t\t\t\t\t<div class=\"elementor-column elementor-col-100 elementor-top-column elementor-element elementor-element-1757973\" data-id=\"1757973\" data-element_type=\"column\" data-settings=\"{&quot;background_background&quot;:&quot;classic&quot;}\">\n\t\t\t<div class=\"elementor-widget-wrap elementor-element-populated\">\n\t\t\t\t\t\t<div class=\"elementor-element elementor-element-a8b5169 elementor-widget elementor-widget-heading\" data-id=\"a8b5169\" data-element_type=\"widget\" data-widget_type=\"heading.default\">\n\t\t\t\t\t<h1 class=\"elementor-heading-title elementor-size-default\">Conformit\u00e9 \u00e0 la LAPHO (AODA)<\/h1>\t\t\t\t<\/div>\n\t\t\t\t<div class=\"elementor-element elementor-element-3566b5d elementor-widget elementor-widget-text-editor\" data-id=\"3566b5d\" data-element_type=\"widget\" data-widget_type=\"text-editor.default\">\n\t\t\t\t\t\t\t\t\t<p>En savoir plus sur notre engagement \u00e0 offrir des solutions accessibles \u00e0 tous.<\/p>\t\t\t\t\t\t\t\t<\/div>\n\t\t\t\t\t<\/div>\n\t\t<\/div>\n\t\t\t\t\t<\/div>\n\t\t<\/section>\n\t\t\t\t<section class=\"elementor-section elementor-top-section elementor-element elementor-element-623745f elementor-section-boxed elementor-section-height-default elementor-section-height-default\" data-id=\"623745f\" data-element_type=\"section\">\n\t\t\t\t\t\t<div class=\"elementor-container elementor-column-gap-default\">\n\t\t\t\t\t<div class=\"elementor-column elementor-col-100 elementor-top-column elementor-element elementor-element-3edc380\" data-id=\"3edc380\" data-element_type=\"column\">\n\t\t\t<div class=\"elementor-widget-wrap elementor-element-populated\">\n\t\t\t\t\t\t<div class=\"elementor-element elementor-element-20d481f elementor-widget elementor-widget-heading\" data-id=\"20d481f\" data-element_type=\"widget\" data-widget_type=\"heading.default\">\n\t\t\t\t\t<h2 class=\"elementor-heading-title elementor-size-default\">Accessibilit\u00e9 en Ontario<\/h2>\t\t\t\t<\/div>\n\t\t\t\t<div class=\"elementor-element elementor-element-10f35bc elementor-widget elementor-widget-text-editor\" data-id=\"10f35bc\" data-element_type=\"widget\" data-widget_type=\"text-editor.default\">\n\t\t\t\t\t\t\t\t\t<p>La Loi de 2005 sur l\u2019accessibilit\u00e9 pour les personnes handicap\u00e9es de l\u2019Ontario (LAPHO) a \u00e9t\u00e9 adopt\u00e9e en 2005. Son objectif est de rendre l\u2019Ontario accessible aux personnes handicap\u00e9es d\u2019ici 2025. La norme d\u2019accessibilit\u00e9 pour les services \u00e0 la client\u00e8le s\u2019applique \u00e0 toutes les entreprises et organisations en Ontario comptant au moins un employ\u00e9.<\/p>\n<p>Comme RPS Solutions pour propri\u00e9t\u00e9s r\u00e9sidentielles s\u2019efforce d\u2019offrir un service \u00e0 la client\u00e8le exceptionnel \u00e0 tous, dans le respect et la dignit\u00e9, cette politique s\u2019applique \u00e0 tous les employ\u00e9s de RPS au Canada.<\/p>\t\t\t\t\t\t\t\t<\/div>\n\t\t\t\t<div class=\"elementor-element elementor-element-1951501 elementor-widget elementor-widget-heading\" data-id=\"1951501\" data-element_type=\"widget\" data-widget_type=\"heading.default\">\n\t\t\t\t\t<h2 class=\"elementor-heading-title elementor-size-default\">Plans et politiques d\u2019accessibilit\u00e9<\/h2>\t\t\t\t<\/div>\n\t\t\t\t<div class=\"elementor-element elementor-element-cbea773 elementor-widget elementor-widget-text-editor\" data-id=\"cbea773\" data-element_type=\"widget\" data-widget_type=\"text-editor.default\">\n\t\t\t\t\t\t\t\t\t<p>RPS s\u2019engage \u00e0 traiter toutes les personnes d\u2019une mani\u00e8re qui leur permet de pr\u00e9server leur dignit\u00e9 et leur autonomie. Nous croyons en l\u2019int\u00e9gration et en l\u2019\u00e9galit\u00e9 des chances. <br> Nous nous engageons \u00e0 r\u00e9pondre aux besoins des personnes handicap\u00e9es dans des d\u00e9lais raisonnables, notamment en pr\u00e9venant et en \u00e9liminant les obstacles \u00e0 l\u2019accessibilit\u00e9, et en respectant les exigences pr\u00e9vues par la Loi sur l\u2019accessibilit\u00e9 pour les personnes handicap\u00e9es de l\u2019Ontario (LAPHO).<\/p>\t\t\t\t\t\t\t\t<\/div>\n\t\t\t\t<div class=\"elementor-element elementor-element-5792fd1 elementor-widget elementor-widget-heading\" data-id=\"5792fd1\" data-element_type=\"widget\" data-widget_type=\"heading.default\">\n\t\t\t\t\t<h2 class=\"elementor-heading-title elementor-size-default\">Formats alternatifs<\/h2>\t\t\t\t<\/div>\n\t\t\t\t<div class=\"elementor-element elementor-element-6f0eda1 elementor-widget elementor-widget-text-editor\" data-id=\"6f0eda1\" data-element_type=\"widget\" data-widget_type=\"text-editor.default\">\n\t\t\t\t\t\t\t\t\t<p>Si vous souhaitez obtenir plus d\u2019information sur le contenu de ce site Web ou sur nos activit\u00e9s, ou si vous souhaitez recevoir des documents disponibles sur ce site dans un autre format, veuillez communiquer avec notre \u00e9quipe responsable de l\u2019accessibilit\u00e9 au 416-510-5800 ou par courriel \u00e0 accessibility@rpsrealsolutions.com<\/p>\n<p>Comme RPS Solutions pour propri\u00e9t\u00e9s r\u00e9sidentielles s\u2019efforce d\u2019offrir un service \u00e0 la client\u00e8le exceptionnel \u00e0 tous, dans le respect et la dignit\u00e9, cette politique s\u2019applique \u00e0 tous les employ\u00e9s de RPS au Canada.<\/p>\t\t\t\t\t\t\t\t<\/div>\n\t\t\t\t<div class=\"elementor-element elementor-element-d4c5808 elementor-widget elementor-widget-heading\" data-id=\"d4c5808\" data-element_type=\"widget\" data-widget_type=\"heading.default\">\n\t\t\t\t\t<h2 class=\"elementor-heading-title elementor-size-default\">Commentaires sur l\u2019accessibilit\u00e9<\/h2>\t\t\t\t<\/div>\n\t\t\t\t<div class=\"elementor-element elementor-element-596046f elementor-widget elementor-widget-text-editor\" data-id=\"596046f\" data-element_type=\"widget\" data-widget_type=\"text-editor.default\">\n\t\t\t\t\t\t\t\t\t<p>RPS accueille vos commentaires concernant l\u2019accessibilit\u00e9 de ses services pour les personnes handicap\u00e9es. Nous sommes engag\u00e9s \u00e0 offrir des services accessibles, notamment en mati\u00e8re d\u2019information et de communication, d\u2019installations et de service \u00e0 la client\u00e8le.<\/p>\n<p>Nous visons continuellement l\u2019excellence du service, et gr\u00e2ce \u00e0 vos commentaires, nous continuerons d\u2019am\u00e9liorer la qualit\u00e9 du service \u00e0 laquelle vous vous attendez.<\/p>\n<p>Nous vous invitons \u00e0 nous faire part de vos commentaires, pr\u00e9occupations, suggestions ou questions concernant l\u2019accessibilit\u00e9 par les moyens suivants :<br><\/p>\n<ul>\n<li><strong>Courriel<\/strong>: <a href=\"mailto:accessibility@rpsrealsolutions.com\" target=\"_blank\" rel=\"noopener\">accessibility@rpsrealsolutions.com<\/a><\/li>\n<li><strong>T\u00e9l\u00e9phone<\/strong>: 416.510.5800<\/li>\n<li><strong>Adresse<\/strong>: #300-468 King St W, Toronto, ON M5V 1L8<\/li>\n<\/ul>\t\t\t\t\t\t\t\t<\/div>\n\t\t\t\t\t<\/div>\n\t\t<\/div>\n\t\t\t\t\t<\/div>\n\t\t<\/section>\n\t\t\t\t<\/div>\n\t\t","protected":false},"excerpt":{"rendered":"<p>Conformit\u00e9 \u00e0 la LAPHO (AODA) En savoir plus sur notre engagement \u00e0 offrir des solutions accessibles \u00e0 tous. Accessibilit\u00e9 en Ontario La [&hellip;]<\/p>\n","protected":false},"author":4,"featured_media":0,"parent":0,"menu_order":0,"comment_status":"closed","ping_status":"closed","template":"","meta":{"content-type":"","footnotes":""},"class_list":["post-5349","page","type-page","status-publish","hentry"],"_links":{"self":[{"href":"https:\/\/rpswebsite.azurewebsites.net\/fr\/wp-json\/wp\/v2\/pages\/5349","targetHints":{"allow":["GET"]}}],"collection":[{"href":"https:\/\/rpswebsite.azurewebsites.net\/fr\/wp-json\/wp\/v2\/pages"}],"about":[{"href":"https:\/\/rpswebsite.azurewebsites.net\/fr\/wp-json\/wp\/v2\/types\/page"}],"author":[{"embeddable":true,"href":"https:\/\/rpswebsite.azurewebsites.net\/fr\/wp-json\/wp\/v2\/users\/4"}],"replies":[{"embeddable":true,"href":"https:\/\/rpswebsite.azurewebsites.net\/fr\/wp-json\/wp\/v2\/comments?post=5349"}],"version-history":[{"count":3,"href":"https:\/\/rpswebsite.azurewebsites.net\/fr\/wp-json\/wp\/v2\/pages\/5349\/revisions"}],"predecessor-version":[{"id":6081,"href":"https:\/\/rpswebsite.azurewebsites.net\/fr\/wp-json\/wp\/v2\/pages\/5349\/revisions\/6081"}],"wp:attachment":[{"href":"https:\/\/rpswebsite.azurewebsites.net\/fr\/wp-json\/wp\/v2\/media?parent=5349"}],"curies":[{"name":"wp","href":"https:\/\/api.w.org\/{rel}","templated":true}]}}